{"id":2183,"date":"2021-01-18T17:40:38","date_gmt":"2021-01-18T17:40:38","guid":{"rendered":"http:\/\/tolgyesilivia.eu\/?page_id=2183"},"modified":"2021-01-19T09:36:25","modified_gmt":"2021-01-19T09:36:25","slug":"tintatapir-toni-meselo-betuk-abeceje","status":"publish","type":"page","link":"https:\/\/tolgyesilivia.eu\/?page_id=2183","title":{"rendered":"Tintatap\u00edr T\u00f3ni &#8211; Mes\u00e9l\u0151 bet\u0171k \u00e1b\u00e9c\u00e9je"},"content":{"rendered":"<div id=\"pl-2183\"  class=\"panel-layout\" ><div id=\"pg-2183-0\"  class=\"panel-grid panel-no-style\" ><div id=\"pgc-2183-0-0\"  class=\"panel-grid-cell\" ><div id=\"panel-2183-0-0-0\" class=\"so-panel widget widget_sow-editor panel-first-child panel-last-child\" data-index=\"0\" ><div\n\t\t\t\n\t\t\tclass=\"so-widget-sow-editor so-widget-sow-editor-base\"\n\t\t\t\n\t\t>\n<div class=\"siteorigin-widget-tinymce textwidget\">\n\t<p><a href=\"http:\/\/tolgyesilivia.eu\/wp-content\/uploads\/2021\/01\/Tintatap\u00edr-T\u00f3ni-Mes\u00e9l\u0151-bet\u0171k-\u00e1b\u00e9c\u00e9je-bor\u00edt\u00f3ja.jpg\"><img loading=\"lazy\" decoding=\"async\" class=\"wp-image-2185 aligncenter\" src=\"http:\/\/tolgyesilivia.eu\/wp-content\/uploads\/2021\/01\/Tintatap\u00edr-T\u00f3ni-Mes\u00e9l\u0151-bet\u0171k-\u00e1b\u00e9c\u00e9je-bor\u00edt\u00f3ja-729x1024.jpg\" alt=\"\" width=\"667\" height=\"937\" srcset=\"https:\/\/tolgyesilivia.eu\/wp-content\/uploads\/2021\/01\/Tintatap\u00edr-T\u00f3ni-Mes\u00e9l\u0151-bet\u0171k-\u00e1b\u00e9c\u00e9je-bor\u00edt\u00f3ja-729x1024.jpg 729w, https:\/\/tolgyesilivia.eu\/wp-content\/uploads\/2021\/01\/Tintatap\u00edr-T\u00f3ni-Mes\u00e9l\u0151-bet\u0171k-\u00e1b\u00e9c\u00e9je-bor\u00edt\u00f3ja-214x300.jpg 214w, https:\/\/tolgyesilivia.eu\/wp-content\/uploads\/2021\/01\/Tintatap\u00edr-T\u00f3ni-Mes\u00e9l\u0151-bet\u0171k-\u00e1b\u00e9c\u00e9je-bor\u00edt\u00f3ja-768x1079.jpg 768w, https:\/\/tolgyesilivia.eu\/wp-content\/uploads\/2021\/01\/Tintatap\u00edr-T\u00f3ni-Mes\u00e9l\u0151-bet\u0171k-\u00e1b\u00e9c\u00e9je-bor\u00edt\u00f3ja-300x421.jpg 300w, https:\/\/tolgyesilivia.eu\/wp-content\/uploads\/2021\/01\/Tintatap\u00edr-T\u00f3ni-Mes\u00e9l\u0151-bet\u0171k-\u00e1b\u00e9c\u00e9je-bor\u00edt\u00f3ja.jpg 1655w\" sizes=\"auto, (max-width: 667px) 100vw, 667px\" \/><\/a><\/p>\n<\/div>\n<\/div><\/div><\/div><div id=\"pgc-2183-0-1\"  class=\"panel-grid-cell\" ><div id=\"panel-2183-0-1-0\" class=\"so-panel widget widget_sow-editor panel-first-child panel-last-child\" data-index=\"1\" ><div\n\t\t\t\n\t\t\tclass=\"so-widget-sow-editor so-widget-sow-editor-base\"\n\t\t\t\n\t\t>\n<div class=\"siteorigin-widget-tinymce textwidget\">\n\t<h4><\/h4>\n<h3><\/h3>\n<h4 style=\"text-align: center;\"><span style=\"color: #003366;\">A TINTATAP\u00cdR T\u00d3NI - MES\u00c9L\u0150 BET\u0170K \u00c1B\u00c9C\u00c9JE 6-10 \u00e9veseknek sz\u00f3l. C\u00e9lja a magyar \u00e1b\u00e9c\u00e9 44 bet\u0171j\u00e9nek sokoldal\u00fa bemutat\u00e1sa. A k\u00f6rnyezeti kult\u00fara komoly szerephez jut az als\u00f3soknak sz\u00e1nt k\u00f6nyvben. Hol a fant\u00e1ziavil\u00e1g, hol a val\u00f3s\u00e1g \u00e9rdekess\u00e9gei kerekednek fel\u00fcl a t\u00f6rt\u00e9netekben. R\u00f6vid versik\u00e9ket \u00e9s sok izgalmas inform\u00e1ci\u00f3t is tartalmaz a k\u00f6nyv, tov\u00e1bbi kutat\u00e1sra sarkallhatja az \u00e9rdekl\u0151d\u0151ket. Kiv\u00e1l\u00f3an alkalmas sz\u00f3kincsb\u0151v\u00edt\u00e9sre, az illusztr\u00e1ci\u00f3k fejlesztik a grafikai humor ir\u00e1nti \u00e9rz\u00e9kenys\u00e9get. A k\u00f6rnyezetv\u00e9delmi k\u00e9rd\u00e9sek, \u00e1llat- \u00e9s n\u00f6v\u00e9nyismeret, \u00e9rdekes magyar hagyom\u00e1nyok \u00e9s helysz\u00ednek, vagy a technikai v\u00edvm\u00e1nyok fejl\u0151d\u00e9se j\u00f3l megf\u00e9rnek egym\u00e1s mellett. A nagyalak\u00fa k\u00f6nyvben saj\u00e1t kreativit\u00e1sukat is kipr\u00f3b\u00e1lhatj\u00e1k a v\u00e1llalkoz\u00f3 szellem\u0171 olvas\u00f3k: a bels\u0151 bor\u00edt\u00f3k rajzai kisz\u00ednezhet\u0151k, a k\u00f6nyv v\u00e9g\u00e9n egy oldal az \u0151 mes\u00e9j\u00fckre v\u00e1r. A bet\u0171kkel ismerked\u0151ket \u00e9s a nehezen olvas\u00f3kat sz\u00ednk\u00f3dok seg\u00edtik, m\u00edg az \u00f6n\u00e1ll\u00f3an olvas\u00f3 gyerekek, sz\u00fcl\u0151k, nagysz\u00fcl\u0151k sz\u00e1m\u00e1ra az \u00e9rdekess\u00e9gek tehetik teljess\u00e9 az olvas\u00e1si \u00e9lm\u00e9nyt.<\/span><\/h4>\n<\/div>\n<\/div><\/div><\/div><\/div><\/div>","protected":false},"excerpt":{"rendered":"<p>A TINTATAP\u00cdR T\u00d3NI &#8211; MES\u00c9L\u0150 BET\u0170K \u00c1B\u00c9C\u00c9JE 6-10 \u00e9veseknek sz\u00f3l. C\u00e9lja a magyar \u00e1b\u00e9c\u00e9 44 bet\u0171j\u00e9nek sokoldal\u00fa bemutat\u00e1sa. A k\u00f6rnyezeti kult\u00fara komoly szerephez jut az als\u00f3soknak sz\u00e1nt k\u00f6nyvben. Hol a [&hellip;]<\/p>\n","protected":false},"author":1,"featured_media":0,"parent":0,"menu_order":0,"comment_status":"closed","ping_status":"closed","template":"","meta":{"footnotes":""},"class_list":["post-2183","page","type-page","status-publish","hentry"],"_links":{"self":[{"href":"https:\/\/tolgyesilivia.eu\/index.php?rest_route=\/wp\/v2\/pages\/2183","targetHints":{"allow":["GET"]}}],"collection":[{"href":"https:\/\/tolgyesilivia.eu\/index.php?rest_route=\/wp\/v2\/pages"}],"about":[{"href":"https:\/\/tolgyesilivia.eu\/index.php?rest_route=\/wp\/v2\/types\/page"}],"author":[{"embeddable":true,"href":"https:\/\/tolgyesilivia.eu\/index.php?rest_route=\/wp\/v2\/users\/1"}],"replies":[{"embeddable":true,"href":"https:\/\/tolgyesilivia.eu\/index.php?rest_route=%2Fwp%2Fv2%2Fcomments&post=2183"}],"version-history":[{"count":19,"href":"https:\/\/tolgyesilivia.eu\/index.php?rest_route=\/wp\/v2\/pages\/2183\/revisions"}],"predecessor-version":[{"id":2205,"href":"https:\/\/tolgyesilivia.eu\/index.php?rest_route=\/wp\/v2\/pages\/2183\/revisions\/2205"}],"wp:attachment":[{"href":"https:\/\/tolgyesilivia.eu\/index.php?rest_route=%2Fwp%2Fv2%2Fmedia&parent=2183"}],"curies":[{"name":"wp","href":"https:\/\/api.w.org\/{rel}","templated":true}]}}