{"id":112,"date":"2011-02-28T14:20:18","date_gmt":"2011-02-28T14:20:18","guid":{"rendered":"http:\/\/tolgyesilivia.eu\/?page_id=112"},"modified":"2011-05-16T12:39:11","modified_gmt":"2011-05-16T12:39:11","slug":"nem-csak-a-noknek-magazin-interjuja","status":"publish","type":"page","link":"https:\/\/tolgyesilivia.eu\/?page_id=112","title":{"rendered":"Nem csak a n\u0151knek magazin interj\u00faja"},"content":{"rendered":"<p><a href=\"http:\/\/tolgyesilivia.eu\/wp-content\/uploads\/2011\/02\/Interj\u00fa-T\u00f6lgyesi-L\u00edvi\u00e1val.pdf\">Interj\u00fa T\u00f6lgyesi L\u00edvi\u00e1val<\/a><a href=\"http:\/\/tolgyesilivia.eu\/wp-content\/uploads\/2011\/02\/Borito-januar2011.jpg\"><img loading=\"lazy\" decoding=\"async\" class=\"alignleft size-full wp-image-175\" title=\"Borito-januar2011\" src=\"http:\/\/tolgyesilivia.eu\/wp-content\/uploads\/2011\/02\/Borito-januar2011.jpg\" alt=\"\" width=\"130\" height=\"181\" \/><\/a><\/p>\n","protected":false},"excerpt":{"rendered":"<p>Interj\u00fa T\u00f6lgyesi L\u00edvi\u00e1val<\/p>\n","protected":false},"author":1,"featured_media":0,"parent":7,"menu_order":0,"comment_status":"closed","ping_status":"closed","template":"","meta":{"footnotes":""},"class_list":["post-112","page","type-page","status-publish","hentry"],"_links":{"self":[{"href":"https:\/\/tolgyesilivia.eu\/index.php?rest_route=\/wp\/v2\/pages\/112","targetHints":{"allow":["GET"]}}],"collection":[{"href":"https:\/\/tolgyesilivia.eu\/index.php?rest_route=\/wp\/v2\/pages"}],"about":[{"href":"https:\/\/tolgyesilivia.eu\/index.php?rest_route=\/wp\/v2\/types\/page"}],"author":[{"embeddable":true,"href":"https:\/\/tolgyesilivia.eu\/index.php?rest_route=\/wp\/v2\/users\/1"}],"replies":[{"embeddable":true,"href":"https:\/\/tolgyesilivia.eu\/index.php?rest_route=%2Fwp%2Fv2%2Fcomments&post=112"}],"version-history":[{"count":4,"href":"https:\/\/tolgyesilivia.eu\/index.php?rest_route=\/wp\/v2\/pages\/112\/revisions"}],"predecessor-version":[{"id":177,"href":"https:\/\/tolgyesilivia.eu\/index.php?rest_route=\/wp\/v2\/pages\/112\/revisions\/177"}],"up":[{"embeddable":true,"href":"https:\/\/tolgyesilivia.eu\/index.php?rest_route=\/wp\/v2\/pages\/7"}],"wp:attachment":[{"href":"https:\/\/tolgyesilivia.eu\/index.php?rest_route=%2Fwp%2Fv2%2Fmedia&parent=112"}],"curies":[{"name":"wp","href":"https:\/\/api.w.org\/{rel}","templated":true}]}}